{"id":602,"date":"2025-11-21T13:09:45","date_gmt":"2025-11-21T13:09:45","guid":{"rendered":"https:\/\/avec-clapiers.fr\/?page_id=602"},"modified":"2026-03-13T01:15:26","modified_gmt":"2026-03-13T00:15:26","slug":"programme","status":"publish","type":"page","link":"https:\/\/avec-clapiers.fr\/index.php\/programme\/","title":{"rendered":"Programme"},"content":{"rendered":"\n<div class=\"wp-block-stackable-heading stk-block-heading stk-block-heading--v2 stk-block stk-736e40b\" id=\"quel-est-notre-programme\" data-block-id=\"736e40b\"><style>.stk-736e40b {margin-bottom:14px !important;}<\/style><h2 class=\"stk-block-heading__text\">Quel est notre programme ?<\/h2><\/div>\n\n\n\n<div>\n<div class=\"wp-block-stackable-columns stk-block-columns stk-block stk-7125a5c\" data-block-id=\"7125a5c\"><style>.stk-7125a5c {margin-bottom:14px !important;}<\/style><div class=\"stk-row stk-inner-blocks stk-block-content stk-content-align stk-7125a5c-column\">\n<div class=\"wp-block-stackable-column stk-block-column stk-column stk-block stk-764dec1\" data-v=\"4\" data-block-id=\"764dec1\"><style>@media screen and (min-width:690px){.stk-764dec1 {flex:var(--stk-flex-grow, 1) 1 calc(52% - var(--stk-column-gap, 0px) * 1 \/ 2 ) !important;}}<\/style><div class=\"stk-column-wrapper stk-block-column__content stk-container stk-764dec1-container stk--no-background stk--no-padding\"><div class=\"stk-block-content stk-inner-blocks stk-764dec1-inner-blocks\">\n<div class=\"wp-block-stackable-text stk-block-text stk-block stk-b881f8c\" data-block-id=\"b881f8c\"><p class=\"stk-block-text__text\">Gr\u00e2ce aux r\u00e9sultats de l\u2019<strong>enqu\u00eate citoyenne<\/strong>, puis aux <strong>3 ateliers<\/strong> avec les Clapi\u00e9roises et Clapi\u00e9rois, nous avons rassembl\u00e9 autant de constats que d&rsquo;id\u00e9es pour donner un nouveau souffle \u00e0 Clapiers. <\/p><\/div>\n\n\n\n<p>Les propositions du programme respectent bien entendu les valeurs de d\u00e9mocratie, d\u2019\u00e9cologie et de solidarit\u00e9. Rassembl\u00e9es, bonifi\u00e9es&#8230; Elles s&rsquo;organisent au travers de trois types de propositions :<strong> am\u00e9liorer<\/strong> ce qui doit l\u2019\u00eatre, <strong>corriger<\/strong> ce qui est d\u00e9faillant et <strong>construire <\/strong>une dynamique ambitieuse pour Clapiers. <\/p>\n\n\n\n<p>Ce travail de conception et de r\u00e9daction r\u00e9alis\u00e9 100 % par l&rsquo;\u00e9quipe est maintenant entre vos mains. Bonne lecture ! <\/p>\n\n\n\n<div class=\"wp-block-stackable-columns stk-block-columns stk-block stk-8cffec9\" data-block-id=\"8cffec9\"><div class=\"stk-row stk-inner-blocks stk-block-content stk-content-align stk-8cffec9-column\">\n<div class=\"wp-block-stackable-column stk-block-column stk-column stk-block stk-999a4b3\" data-v=\"4\" data-block-id=\"999a4b3\"><div class=\"stk-column-wrapper stk-block-column__content stk-container stk-999a4b3-container stk--no-background stk--no-padding\"><div class=\"stk-block-content stk-inner-blocks stk-999a4b3-inner-blocks\">\n<div class=\"wp-block-stackable-button-group stk-block-button-group stk-block stk-2a0bde8\" data-block-id=\"2a0bde8\"><div class=\"stk-row stk-inner-blocks has-text-align-center stk-block-content stk-button-group\">\n<div class=\"wp-block-stackable-button stk-block-button stk-block stk-4369ae9\" data-block-id=\"4369ae9\"><style>.stk-4369ae9 {align-items:center !important;display:flex !important;}.stk-4369ae9 .stk-button{background:var(--theme-palette-color-1, #730069) !important;}.stk-4369ae9 .stk-button:before{border-color:var(--theme-palette-color-1, #730069) !important;}<\/style><a class=\"stk-link stk-button stk--hover-effect-darken\" href=\"http:\/\/avec-clapiers.fr\/wp-content\/uploads\/2026\/02\/PROGRAMME-LIVRET-2.pdf\" target=\"_blank\" rel=\"noreferrer noopener\"><span class=\"stk-button__inner-text\"><strong>TELECHARGER LE PROGRAMME<\/strong><\/span><\/a><\/div>\n<\/div><\/div>\n<\/div><\/div><\/div>\n\n\n\n<div class=\"wp-block-stackable-column stk-block-column stk-column stk-block stk-4ac293a\" data-v=\"4\" data-block-id=\"4ac293a\"><div class=\"stk-column-wrapper stk-block-column__content stk-container stk-4ac293a-container stk--no-background stk--no-padding\"><div class=\"stk-block-content stk-inner-blocks stk-4ac293a-inner-blocks\">\n<div class=\"wp-block-stackable-button-group stk-block-button-group stk-block stk-5207c54\" data-block-id=\"5207c54\"><div class=\"stk-row stk-inner-blocks has-text-align-center stk-block-content stk-button-group\">\n<div class=\"wp-block-stackable-button stk-block-button has-text-align-center stk-block stk-facf640\" data-block-id=\"facf640\"><style>@media screen and (max-width:689px){.stk-facf640 {align-items:center !important;display:flex !important;}}<\/style><a class=\"stk-link stk-button stk--hover-effect-darken\" href=\"https:\/\/www.canva.com\/design\/DAHCgTsiB4w\/AS1xvtiau5UtY3GH8JIP9g\/watch?utm_content=DAHCgTsiB4w&amp;utm_campaign=designshare&amp;utm_medium=link2&amp;utm_source=uniquelinks&amp;utlId=hfdd2d69920\" target=\"_blank\" rel=\"noreferrer noopener\"><span class=\"stk-button__inner-text\"><strong>VID\u00c9O DU D\u00c9VOILEMENT<\/strong><\/span><\/a><\/div>\n<\/div><\/div>\n<\/div><\/div><\/div>\n<\/div><\/div>\n<\/div><\/div><\/div>\n\n\n\n<div class=\"wp-block-stackable-column stk-block-column stk-column stk-block stk-39e6342\" data-v=\"4\" data-block-id=\"39e6342\"><style>.stk-39e6342 {align-self:center !important;}@media screen and (min-width:690px){.stk-39e6342 {flex:var(--stk-flex-grow, 1) 1 calc(48% - var(--stk-column-gap, 0px) * 1 \/ 2 ) !important;}}<\/style><div class=\"stk-column-wrapper stk-block-column__content stk-container stk-39e6342-container stk--no-background stk--no-padding\"><div class=\"stk-block-content stk-inner-blocks stk-39e6342-inner-blocks\">\n<div class=\"wp-block-stackable-image stk-block-image has-text-align-center-mobile stk-block stk-97dab85\" data-block-id=\"97dab85\"><style>.stk-97dab85 .stk-img-wrapper{width:68% !important;height:334px !important;}@media screen and (max-width:689px){.stk-97dab85 {align-items:center !important;display:flex !important;}.stk-97dab85 .stk-img-wrapper{width:100% !important;height:100% !important;}}<\/style><figure><span class=\"stk-img-wrapper stk-image--shape-stretch\"><img loading=\"lazy\" decoding=\"async\" class=\"stk-img wp-image-1344\" src=\"http:\/\/avec-clapiers.fr\/wp-content\/uploads\/2026\/01\/Orange-and-White-Flower-Photo-Collage.png\" width=\"2000\" height=\"1600\" srcset=\"https:\/\/avec-clapiers.fr\/wp-content\/uploads\/2026\/01\/Orange-and-White-Flower-Photo-Collage.png 2000w, https:\/\/avec-clapiers.fr\/wp-content\/uploads\/2026\/01\/Orange-and-White-Flower-Photo-Collage-300x240.png 300w, https:\/\/avec-clapiers.fr\/wp-content\/uploads\/2026\/01\/Orange-and-White-Flower-Photo-Collage-1024x819.png 1024w, https:\/\/avec-clapiers.fr\/wp-content\/uploads\/2026\/01\/Orange-and-White-Flower-Photo-Collage-768x614.png 768w, https:\/\/avec-clapiers.fr\/wp-content\/uploads\/2026\/01\/Orange-and-White-Flower-Photo-Collage-1536x1229.png 1536w\" sizes=\"auto, (max-width: 2000px) 100vw, 2000px\" \/><\/span><\/figure><\/div>\n<\/div><\/div><\/div>\n<\/div><\/div>\n<\/div>\n\n\n\n<div class=\"wp-block-stackable-columns stk-block-columns stk-block stk-250fd56\" data-block-id=\"250fd56\"><div class=\"stk-row stk-inner-blocks stk-block-content stk-content-align stk-250fd56-column\">\n<div class=\"wp-block-stackable-column stk-block-column stk-column stk-block stk-14207b8\" data-v=\"4\" data-block-id=\"14207b8\"><style>@media screen and (min-width:690px){.stk-14207b8 {flex:var(--stk-flex-grow, 1) 1 calc(60.2% - var(--stk-column-gap, 0px) * 1 \/ 2 ) !important;}}<\/style><div class=\"stk-column-wrapper stk-block-column__content stk-container stk-14207b8-container stk--no-background stk--no-padding\"><div class=\"stk-block-content stk-inner-blocks stk-14207b8-inner-blocks\">\n<div><\/div>\n\n\n\n<div class=\"wp-block-pdfjsblock-pdfjs-embed pdfjs-wrapper\"><\/div>\n<\/div><\/div><\/div>\n\n\n\n<div class=\"wp-block-stackable-column stk-block-column stk-column stk-block stk-0e0a1b2\" data-v=\"4\" data-block-id=\"0e0a1b2\"><style>@media screen and (min-width:690px){.stk-0e0a1b2 {flex:var(--stk-flex-grow, 1) 1 calc(39.8% - var(--stk-column-gap, 0px) * 1 \/ 2 ) !important;}}<\/style><div class=\"stk-column-wrapper stk-block-column__content stk-container stk-0e0a1b2-container stk--no-background stk--no-padding\"><div class=\"stk-block-content stk-inner-blocks stk-0e0a1b2-inner-blocks\">\n<div class=\"wp-block-stackable-image alignwide stk-block-image has-text-align-center stk-block stk-b06eba5\" data-block-id=\"b06eba5\"><style>.stk-b06eba5 {margin-bottom:40px !important;}.stk-b06eba5 .stk-img-wrapper{width:350px !important;height:250px !important;}<\/style><figure><a class=\"stk-link\" href=\"    https:\/\/www.canva.com\/design\/DAHCgTsiB4w\/AS1xvtiau5UtY3GH8JIP9g\/watch?utm_content=DAHCgTsiB4w&amp;utm_campaign=designshare&amp;utm_medium=link2&amp;utm_source=uniquelinks&amp;utlId=hfdd2d69920\" target=\"_blank\" rel=\"noreferrer noopener\"><span class=\"stk-img-wrapper stk-image--shape-stretch\"><img loading=\"lazy\" decoding=\"async\" class=\"stk-img wp-image-1562\" src=\"http:\/\/avec-clapiers.fr\/wp-content\/uploads\/2026\/02\/signal-2026-02-27-111112_002.jpeg\" width=\"1748\" height=\"1194\" srcset=\"https:\/\/avec-clapiers.fr\/wp-content\/uploads\/2026\/02\/signal-2026-02-27-111112_002.jpeg 1748w, https:\/\/avec-clapiers.fr\/wp-content\/uploads\/2026\/02\/signal-2026-02-27-111112_002-300x205.jpeg 300w, https:\/\/avec-clapiers.fr\/wp-content\/uploads\/2026\/02\/signal-2026-02-27-111112_002-1024x699.jpeg 1024w, https:\/\/avec-clapiers.fr\/wp-content\/uploads\/2026\/02\/signal-2026-02-27-111112_002-768x525.jpeg 768w, https:\/\/avec-clapiers.fr\/wp-content\/uploads\/2026\/02\/signal-2026-02-27-111112_002-1536x1049.jpeg 1536w\" sizes=\"auto, (max-width: 1748px) 100vw, 1748px\" \/><\/span><\/a><\/figure><\/div>\n\n\n\n<div class=\"wp-block-stackable-button-group stk-block-button-group stk-block stk-c77bb19\" data-block-id=\"c77bb19\"><div class=\"stk-row stk-inner-blocks stk-block-content stk-button-group\">\n<div class=\"wp-block-stackable-button stk-block-button has-text-align-center stk-block stk-730ed13\" data-block-id=\"730ed13\"><style>.stk-730ed13 , .stk-730ed13 .stk-button{width:100% !important;}.stk-730ed13 {flex:1 0 var(--stk-button-group-flex-wrap, 0) !important;}.stk-730ed13 .stk-button{padding-right:var(--stk--preset--spacing--40, 1rem) !important;padding-left:var(--stk--preset--spacing--40, 1rem) !important;}.stk-730ed13 .stk-button:before{border-top-width:1px !important;border-right-width:1px !important;border-bottom-width:1px !important;border-left-width:1px !important;}.stk-730ed13 .stk-button__inner-text{font-size:var(--stk--preset--font-size--medium, 20px) !important;}@media screen and (max-width:999px){.stk-730ed13 .stk-button__inner-text{font-size:var(--stk--preset--font-size--medium, 20px) !important;}}<\/style><a class=\"stk-link stk-button stk--hover-effect-darken\" href=\"https:\/\/www.youtube.com\/playlist?list=PLqrXnDoeYJvoT5SoYoOiJdcf9DCzLi5Mh\" target=\"_blank\" rel=\"noopener\"><span class=\"stk-button__inner-text\"><strong>VID\u00c9OS > Zoom sur<\/strong><br>d<strong>es \u00e9l\u00e9ments du programme<\/strong><\/span><\/a><\/div>\n<\/div><\/div>\n<\/div><\/div><\/div>\n<\/div><\/div>\n\n\n\n<div class=\"wp-block-stackable-heading stk-block-heading stk-block-heading--v2 stk-block stk-9c069eb\" id=\"nos-inspirations\" data-block-id=\"9c069eb\"><h2 class=\"stk-block-heading__text\">Nos inspirations <\/h2><\/div>\n\n\n\n<p><\/p>\n\n\n\n<div class=\"wp-block-stackable-text stk-block-text stk-block stk-f4cb993\" data-block-id=\"f4cb993\"><p class=\"stk-block-text__text\">Port\u00e9s par un id\u00e9al, mais loin d\u2019\u00eatre utopistes, nous sommes inspir\u00e9s par des initiatives existantes, et qui fonctionnent ailleurs.<\/p><\/div>\n\n\n\n<p>Voici quelques liens&nbsp;:<\/p>\n\n\n\n<p><strong>Liste citoyenne&nbsp;\/ pouvoir d\u2019agir \/ D\u00e9mocratie active<\/strong><\/p>\n\n\n\n<ul class=\"wp-block-list\">\n<li>D\u00e9mocratie Participative \u00e0 Saillans: <a href=\"https:\/\/www.radiofrance.fr\/franceinter\/podcasts\/c-est-bientot-demain\/democratie-participative-a-saillans-il-y-a-six-ans-les-debuts-1329810\" target=\"_blank\" rel=\"noopener\">https:\/\/www.radiofrance.fr\/franceinter\/podcasts\/c-est-bientot-demain\/democratie-participative-a-saillans-il-y-a-six-ans-les-debuts-1329810<\/a> <\/li>\n<\/ul>\n\n\n\n<ul class=\"wp-block-list\">\n<li>Politique de participation citoyenne dans la ville de Valleyfield au Canada : <a href=\"https:\/\/citoyen.valleyfield.ca\/participation-citoyenne\/politique-de-participation-citoyenne\" target=\"_blank\" rel=\"noopener\">https:\/\/citoyen.valleyfield.ca\/participation-citoyenne\/politique-de-participation-citoyenne<\/a><\/li>\n<\/ul>\n\n\n\n<ul class=\"wp-block-list\">\n<li>Parcours d&rsquo;une liste citoyenne, Actions Communes : <a href=\"https:\/\/m.youtube.com\/watch?v=C3depkJWNt0&amp;pp=2AY4\" target=\"_blank\" rel=\"noopener\">https:\/\/m.youtube.com\/watch?v=C3depkJWNt0&amp;pp=2AY4<\/a><\/li>\n<\/ul>\n\n\n\n<ul class=\"wp-block-list\">\n<li>Archipel Citoyen \u00e0 Toulouse :&nbsp;<a href=\"https:\/\/www.archipelcitoyen.org\/programme\/\" target=\"_blank\" rel=\"noreferrer noopener\"><u>https:\/\/www.archipelcitoyen.org\/programme\/<\/u><\/a><\/li>\n<\/ul>\n\n\n\n<ul class=\"wp-block-list\">\n<li>Conseils participatifs \u00e0 Kingersheim :&nbsp;<a href=\"https:\/\/shs.cairn.info\/revue-dard-dard-2020-1-page-55?lang=fr\" target=\"_blank\" rel=\"noreferrer noopener\"><u>https:\/\/shs.cairn.info\/revue-dard-dard-2020-1-page-55?lang=fr<\/u><\/a><\/li>\n<\/ul>\n\n\n\n<ul class=\"wp-block-list\">\n<li><a href=\"https:\/\/decidim.org\/fr\/\" target=\"_blank\" rel=\"noreferrer noopener\"><u>https:\/\/decidim.org\/fr\/<\/u><\/a>&nbsp;logiciel libre d\u00e9velopp\u00e9 par la ville de Barcelone pour sa d\u00e9mocratie participative et utilis\u00e9 depuis dans plusieurs autres villes<\/li>\n<\/ul>\n\n\n\n<ul class=\"wp-block-list\">\n<li><a href=\"https:\/\/participer.montpellier.fr\/dici\" target=\"_blank\" rel=\"noopener\">https:\/\/participer.montpellier.fr\/dici<\/a><\/li>\n<\/ul>\n\n\n\n<p><br><strong>Urbanisation<\/strong><\/p>\n\n\n\n<ul class=\"wp-block-list\">\n<li><a href=\"https:\/\/www.youtube.com\/watch?v=GZ_NCseJLg0\" target=\"_blank\" rel=\"noopener\">https:\/\/www.youtube.com\/watch?v=GZ_NCseJLg0<\/a><\/li>\n<\/ul>\n\n\n\n<ul class=\"wp-block-list\">\n<li><a href=\"https:\/\/www.montpellier.fr\/vie-quotidienne\/vivre-ici\/jardiner-embellir\/bons-de-vegetalisation-et-dispositifs-d-accueil-de-la-faune\" target=\"_blank\" rel=\"noopener\">https:\/\/www.montpellier.fr\/vie-quotidienne\/vivre-ici\/jardiner-embellir\/bons-de-vegetalisation-et-dispositifs-d-accueil-de-la-faune<\/a><\/li>\n<\/ul>\n\n\n\n<p><strong>Sant\u00e9&nbsp;:<\/strong><\/p>\n\n\n\n<ul class=\"wp-block-list\">\n<li>Les th\u00e9matiques&nbsp;<a href=\"https:\/\/villes-sante.com\/thematiques\/quotidien-et-habitudes-de-vie\/\" target=\"_blank\" rel=\"noreferrer noopener\">https:\/\/villes-sante.com\/thematiques\/quotidien-et-habitudes-de-vie\/<\/a>&nbsp;.`<\/li>\n<\/ul>\n\n\n\n<ul class=\"wp-block-list\">\n<li>Ici le plaidoyer pour les municipales&nbsp;<a href=\"https:\/\/villes-sante.com\/wp-content\/uploads\/2025\/12\/RfVS-plaidoyer-municipales-2026.pdf\" target=\"_blank\" rel=\"noreferrer noopener\">https:\/\/villes-sante.com\/wp-content\/uploads\/2025\/12\/RfVS-plaidoyer-municipales-2026.pdf<\/a>&nbsp;<\/li>\n<\/ul>\n\n\n\n<ul class=\"wp-block-list\">\n<li>Un document sur la l\u00e9gitim\u00e9 de la sant\u00e9 pour les communes&nbsp;<a href=\"https:\/\/villes-sante.com\/wp-content\/uploads\/2025\/12\/RfVS-livret-municipales-2026.pdf\" target=\"_blank\" rel=\"noreferrer noopener\">https:\/\/villes-sante.com\/wp-content\/uploads\/2025\/12\/RfVS-livret-municipales-2026.pdf<\/a>&nbsp;<\/li>\n<\/ul>\n\n\n\n<ul class=\"wp-block-list\">\n<li><a href=\"https:\/\/www.castelnau-le-lez.fr\/actualite\/sante\/trouver-medecin-traitant\/\" target=\"_blank\" rel=\"noopener\">https:\/\/www.castelnau-le-lez.fr\/actualite\/sante\/trouver-medecin-traitant\/<\/a><\/li>\n<\/ul>\n\n\n\n<ul class=\"wp-block-list\">\n<li><a href=\"https:\/\/www.strasbourg.eu\/ordonnance-verte\" target=\"_blank\" rel=\"noopener\">https:\/\/www.strasbourg.eu\/ordonnance-verte<\/a><\/li>\n<\/ul>\n\n\n\n<p><br><strong>Restauration collective \/ cantine <\/strong><\/p>\n\n\n\n<ul class=\"wp-block-list\">\n<li><a href=\"https:\/\/www.unplusbio.org\/municipales-2026\/\" target=\"_blank\" rel=\"noopener\">https:\/\/www.unplusbio.org\/municipales-2026\/<\/a><\/li>\n<\/ul>\n\n\n\n<ul class=\"wp-block-list\">\n<li><a href=\"https:\/\/www.associationalimentationdurable.org\/cantinesrevolution\/manifestepourlebienmanger\" target=\"_blank\" rel=\"noopener\">https:\/\/www.associationalimentationdurable.org\/cantinesrevolution\/manifestepourlebienmanger<\/a><\/li>\n<\/ul>\n\n\n\n<ul class=\"wp-block-list\">\n<li><a href=\"https:\/\/www.banquedesterritoires.fr\/dans-les-cantines-scolaires-de-cazouls-les-beziers-des-menus-100-bio-et-locaux-34\" target=\"_blank\" rel=\"noopener\">https:\/\/www.banquedesterritoires.fr\/dans-les-cantines-scolaires-de-cazouls-les-beziers-des-menus-100-bio-et-locaux-34<\/a><\/li>\n<\/ul>\n\n\n\n<p><\/p>\n\n\n\n<p class=\"has-text-align-left has-large-font-size\"><br><br><\/p>\n","protected":false},"excerpt":{"rendered":"<p>Quel est notre programme ? Gr\u00e2ce aux r\u00e9sultats de l\u2019enqu\u00eate citoyenne, puis aux 3 ateliers avec les Clapi\u00e9roises et Clapi\u00e9rois, nous avons rassembl\u00e9 autant de constats que d&rsquo;id\u00e9es pour donner [&hellip;]<\/p>\n","protected":false},"author":6,"featured_media":0,"parent":0,"menu_order":0,"comment_status":"closed","ping_status":"closed","template":"","meta":{"footnotes":""},"class_list":["post-602","page","type-page","status-publish","hentry"],"blocksy_meta":[],"_links":{"self":[{"href":"https:\/\/avec-clapiers.fr\/index.php\/wp-json\/wp\/v2\/pages\/602","targetHints":{"allow":["GET"]}}],"collection":[{"href":"https:\/\/avec-clapiers.fr\/index.php\/wp-json\/wp\/v2\/pages"}],"about":[{"href":"https:\/\/avec-clapiers.fr\/index.php\/wp-json\/wp\/v2\/types\/page"}],"author":[{"embeddable":true,"href":"https:\/\/avec-clapiers.fr\/index.php\/wp-json\/wp\/v2\/users\/6"}],"replies":[{"embeddable":true,"href":"https:\/\/avec-clapiers.fr\/index.php\/wp-json\/wp\/v2\/comments?post=602"}],"version-history":[{"count":86,"href":"https:\/\/avec-clapiers.fr\/index.php\/wp-json\/wp\/v2\/pages\/602\/revisions"}],"predecessor-version":[{"id":1749,"href":"https:\/\/avec-clapiers.fr\/index.php\/wp-json\/wp\/v2\/pages\/602\/revisions\/1749"}],"wp:attachment":[{"href":"https:\/\/avec-clapiers.fr\/index.php\/wp-json\/wp\/v2\/media?parent=602"}],"curies":[{"name":"wp","href":"https:\/\/api.w.org\/{rel}","templated":true}]}}