{"id":46,"date":"2025-10-25T16:33:50","date_gmt":"2025-10-25T16:33:50","guid":{"rendered":"https:\/\/avec-clapiers.fr\/?page_id=46"},"modified":"2026-04-01T18:06:03","modified_gmt":"2026-04-01T16:06:03","slug":"46-2","status":"publish","type":"page","link":"https:\/\/avec-clapiers.fr\/index.php\/46-2\/","title":{"rendered":"Merci"},"content":{"rendered":"\n<div class=\"wp-block-stackable-columns stk-block-columns stk-block stk-d49d422\" data-block-id=\"d49d422\"><div class=\"stk-row stk-inner-blocks stk-block-content stk-content-align stk-d49d422-column\">\n<div class=\"wp-block-stackable-column stk-block-column stk-column stk-block stk-49d89fb\" data-v=\"4\" data-block-id=\"49d89fb\"><style>@media screen and (min-width:690px){.stk-49d89fb {flex:var(--stk-flex-grow, 1) 1 calc(43.6% - var(--stk-column-gap, 0px) * 1 \/ 2 ) !important;}}<\/style><div class=\"stk-column-wrapper stk-block-column__content stk-container stk-49d89fb-container stk--no-background stk--no-padding\"><div class=\"stk-block-content stk-inner-blocks stk-49d89fb-inner-blocks\">\n<div class=\"wp-block-stackable-heading stk-block-heading stk-block-heading--v2 stk-block stk-80cae27\" id=\"span-style-color-var-theme-palette-color-1-5-b-3256-class-stk-highlight-strong-merci-strong-span\" data-block-id=\"80cae27\"><h2 class=\"stk-block-heading__text\"><span style=\"color: var(--theme-palette-color-1, #5B3256);\" class=\"stk-highlight\"><strong>MERCI !!<\/strong><\/span><\/h2><\/div>\n\n\n\n<div class=\"wp-block-stackable-text stk-block-text stk-block stk-eb19614\" data-block-id=\"eb19614\"><style>.stk-eb19614 {margin-bottom:4px !important;}.stk-eb19614 .stk-block-text__text{font-size:15px !important;}@media screen and (max-width:999px){.stk-eb19614 .stk-block-text__text{font-size:15px !important;}}<\/style><p class=\"stk-block-text__text has-text-align-justify\">MERCI ! La liste AVEC port\u00e9e par vos suffrages.<\/p><\/div>\n\n\n\n<p>Vous \u00eates 1263, soit 40 % des votants clapi\u00e9rois, \u00e0 avoir soutenu notre programme et pl\u00e9biscit\u00e9 notre m\u00e9thode. Nous ne l\u2019oublierons pas.<\/p>\n\n\n\n<p>\u00c9nergiques, comp\u00e9tents et rassembleurs, <strong>nos 6 \u00e9lus porteront votre voix, vos aspirations et vos propositions tout au long du mandat.<\/strong><\/p>\n\n\n\n<p>Nous f\u00e9licitons les nouveaux \u00e9lus majoritaires et minoritaires qui constituent ce nouveau conseil municipal.<\/p>\n\n\n\n<p>Fid\u00e8les \u00e0 nos principes, nous serons volontaires, cr\u00e9atifs et constructifs, dans un esprit d\u00e9mocratique avec l\u2019\u00e9quipe majoritaire, au service de l\u2019int\u00e9r\u00eat g\u00e9n\u00e9ral et de la vitalit\u00e9 du village<\/p>\n\n\n\n<p>Fid\u00e8les \u00e0 nos engagements \u2014 transparence, accessibilit\u00e9, exemplarit\u00e9, participation \u2014 nos conseillers partageront leur quotidien municipal : apprentissage, projets, \u00e9v\u00e9nements, conseils municipaux\u2026<\/p>\n\n\n\n<p>\ud83d\udcf2 Abonnez-vous \u00e0 l\u2019infolettre et suivez-nous sur le site AVEC, mais aussi sur Facebook, Instagram et YouTube.<\/p>\n\n\n\n<p>Pour un Clapiers r\u00e9silient, rassembleur, apais\u00e9 et lumineux \u2728<br><br>Le collectif AVEC.<\/p>\n<\/div><\/div><\/div>\n\n\n\n<div class=\"wp-block-stackable-column stk-block-column stk-column stk-block stk-4ab05dc\" data-v=\"4\" data-block-id=\"4ab05dc\"><style>@media screen and (min-width:690px){.stk-4ab05dc {flex:var(--stk-flex-grow, 1) 1 calc(56.4% - var(--stk-column-gap, 0px) * 1 \/ 2 ) !important;}}<\/style><div class=\"stk-column-wrapper stk-block-column__content stk-container stk-4ab05dc-container stk--no-background stk--no-padding\"><div class=\"stk-block-content stk-inner-blocks stk-4ab05dc-inner-blocks\">\n<div class=\"wp-block-stackable-image aligncenter stk-block-image stk-block stk-7e70e36\" data-block-id=\"7e70e36\"><style>.stk-7e70e36 .stk-img-wrapper{width:100% !important;height:582px !important;}@media screen and (max-width:689px){.stk-7e70e36 .stk-img-wrapper{width:100% !important;height:200px !important;}}<\/style><figure><span class=\"stk-img-wrapper stk-image--shape-stretch\"><img loading=\"lazy\" decoding=\"async\" class=\"stk-img wp-image-1782\" src=\"http:\/\/avec-clapiers.fr\/wp-content\/uploads\/2026\/03\/MerciAVEC.jpeg\" width=\"993\" height=\"710\" srcset=\"https:\/\/avec-clapiers.fr\/wp-content\/uploads\/2026\/03\/MerciAVEC.jpeg 993w, https:\/\/avec-clapiers.fr\/wp-content\/uploads\/2026\/03\/MerciAVEC-300x215.jpeg 300w, https:\/\/avec-clapiers.fr\/wp-content\/uploads\/2026\/03\/MerciAVEC-768x549.jpeg 768w\" sizes=\"auto, (max-width: 993px) 100vw, 993px\" \/><\/span><\/figure><\/div>\n<\/div><\/div><\/div>\n<\/div><\/div>\n\n\n\n<div class=\"wp-block-columns is-layout-flex wp-container-core-columns-is-layout-28f84493 wp-block-columns-is-layout-flex\">\n<div class=\"wp-block-column is-layout-flow wp-block-column-is-layout-flow\" style=\"flex-basis:100%\"><\/div>\n<\/div>\n\n\n\n<h2 class=\"wp-block-heading has-text-align-center\">Nos valeurs <\/h2>\n\n\n\n<div class=\"wp-block-stackable-columns stk-block-columns stk-block stk-f4dd5b2\" data-block-id=\"f4dd5b2\"><div class=\"stk-row stk-inner-blocks stk-block-content stk-content-align stk-f4dd5b2-column\">\n<div class=\"wp-block-stackable-column stk-block-column stk-column stk-block stk-c2cfd10\" data-v=\"4\" data-block-id=\"c2cfd10\"><div class=\"stk-column-wrapper stk-block-column__content stk-container stk-c2cfd10-container stk--no-background stk--no-padding\"><div class=\"stk-block-content stk-inner-blocks stk-c2cfd10-inner-blocks\">\n<div class=\"wp-block-stackable-columns stk-block-columns stk-block stk-05e8742\" data-block-id=\"05e8742\"><div class=\"stk-row stk-inner-blocks stk-block-content stk-content-align stk-05e8742-column\">\n<div class=\"wp-block-stackable-column stk-block-column stk-column stk-block stk-a8681b4\" data-v=\"4\" data-block-id=\"a8681b4\"><div class=\"stk-column-wrapper stk-block-column__content stk-container stk-a8681b4-container stk--no-background stk--no-padding\"><div class=\"stk-block-content stk-inner-blocks stk-a8681b4-inner-blocks\">\n<div class=\"wp-block-stackable-columns stk-block-columns stk-block stk-627b6ba\" data-block-id=\"627b6ba\"><div class=\"stk-row stk-inner-blocks stk-block-content stk-content-align stk-627b6ba-column\">\n<div class=\"wp-block-stackable-column stk-block-column stk-column stk-block stk-0c2c9bd\" data-v=\"4\" data-block-id=\"0c2c9bd\"><style>.stk-0c2c9bd {align-self:stretch !important;}<\/style><div class=\"stk-column-wrapper stk-block-column__content stk-container stk-0c2c9bd-container stk-hover-parent\"><div class=\"has-text-align-center stk-block-content stk-inner-blocks stk-0c2c9bd-inner-blocks\">\n<div class=\"wp-block-stackable-heading stk-block-heading stk-block-heading--v2 stk-block stk-e738ca7\" id=\"solidarite\" data-block-id=\"e738ca7\"><style>.stk-e738ca7 {margin-bottom:0px !important;}.stk-e738ca7 .stk-block-heading__text{color:#fcb900 !important;}<\/style><h4 class=\"stk-block-heading__text has-text-color has-text-align-center\">Solidarit\u00e9<\/h4><\/div>\n\n\n\n<p><\/p>\n\n\n\n<div class=\"wp-block-stackable-text stk-block-text stk-block stk-d26a239\" data-block-id=\"d26a239\"><style>.stk-d26a239 {margin-bottom:11px !important;}<\/style><p class=\"stk-block-text__text\">Nous retrouver tous et toutes autour de notre village et soutenir les plus vuln\u00e9rables : familles modestes, parents solo, personnes en situation de handicap, a\u00een\u00e9s et jeunes.<\/p><\/div>\n\n\n\n<p><\/p>\n\n\n\n<div class=\"wp-block-stackable-button-group stk-block-button-group stk-block stk-c413ae2\" data-block-id=\"c413ae2\"><div class=\"stk-row stk-inner-blocks stk-block-content stk-button-group\">\n<div class=\"wp-block-stackable-icon-button stk-block-icon-button stk-block stk-264f940\" data-block-id=\"264f940\"><style>.stk-264f940 .stk-button{background:#f6d95e !important;}<\/style><a class=\"stk-link stk-button stk--hover-effect-darken\" href=\"\"><span class=\"stk--svg-wrapper\"><div class=\"stk--inner-svg\"><svg data-prefix=\"fa\" data-icon=\"star\" class=\"svg-inline--fa fa-star fa-w-18\" xmlns=\"http:\/\/www.w3.org\/2000\/svg\" viewBox=\"0 0 576 512\" aria-hidden=\"true\" width=\"32\" height=\"32\"><path fill=\"currentColor\" d=\"M259.3 17.8L194 150.2 47.9 171.5c-26.2 3.8-36.7 36.1-17.7 54.6l105.7 103-25 145.5c-4.5 26.3 23.2 46 46.4 33.7L288 439.6l130.7 68.7c23.2 12.2 50.9-7.4 46.4-33.7l-25-145.5 105.7-103c19-18.5 8.5-50.8-17.7-54.6L382 150.2 316.7 17.8c-11.7-23.6-45.6-23.9-57.4 0z\"><\/path><\/svg><\/div><\/span><\/a><\/div>\n<\/div><\/div>\n<\/div><\/div><\/div>\n<\/div><\/div>\n<\/div><\/div><\/div>\n<\/div><\/div>\n<\/div><\/div><\/div>\n\n\n\n<div class=\"wp-block-stackable-column stk-block-column stk-column stk-block stk-877cce3\" data-v=\"4\" data-block-id=\"877cce3\"><style>.stk-877cce3 {align-self:stretch !important;}<\/style><div class=\"stk-column-wrapper stk-block-column__content stk-container stk-877cce3-container stk-hover-parent\"><div class=\"has-text-align-center stk-block-content stk-inner-blocks stk-877cce3-inner-blocks\">\n<div class=\"wp-block-stackable-button-group stk-block-button-group stk-block stk-53eab97\" data-block-id=\"53eab97\"><div class=\"stk-row stk-inner-blocks stk-block-content stk-button-group\">\n<div class=\"wp-block-stackable-icon-button stk-block-icon-button stk-block stk-412169d\" data-block-id=\"412169d\"><style>.stk-412169d .stk-button{background:var(--theme-palette-color-1, #730069) !important;}<\/style><a class=\"stk-link stk-button stk--hover-effect-darken\" href=\"\"><span class=\"stk--svg-wrapper\"><div class=\"stk--inner-svg\"><svg data-prefix=\"fa\" data-icon=\"star\" class=\"svg-inline--fa fa-star fa-w-18\" xmlns=\"http:\/\/www.w3.org\/2000\/svg\" viewBox=\"0 0 576 512\" aria-hidden=\"true\" width=\"32\" height=\"32\"><path fill=\"currentColor\" d=\"M259.3 17.8L194 150.2 47.9 171.5c-26.2 3.8-36.7 36.1-17.7 54.6l105.7 103-25 145.5c-4.5 26.3 23.2 46 46.4 33.7L288 439.6l130.7 68.7c23.2 12.2 50.9-7.4 46.4-33.7l-25-145.5 105.7-103c19-18.5 8.5-50.8-17.7-54.6L382 150.2 316.7 17.8c-11.7-23.6-45.6-23.9-57.4 0z\"><\/path><\/svg><\/div><\/span><\/a><\/div>\n<\/div><\/div>\n\n\n\n<div class=\"wp-block-stackable-text stk-block-text stk-block stk-b668f89\" data-block-id=\"b668f89\"><style>.stk-b668f89 {margin-bottom:11px !important;}<\/style><p class=\"stk-block-text__text\">Adopter des outils pour faire entendre la voix de chacun et chacune rompant avec les mod\u00e8les de gouvernance traditionnels. Proposer des espaces citoyens pour construire, proposer et agir dans l\u2019int\u00e9r\u00eat g\u00e9n\u00e9ral.<\/p><\/div>\n\n\n\n<div class=\"wp-block-stackable-heading stk-block-heading stk-block-heading--v2 stk-block stk-bc9ff1a\" id=\"democratie\" data-block-id=\"bc9ff1a\"><style>.stk-bc9ff1a {margin-bottom:0px !important;}<\/style><h4 class=\"stk-block-heading__text\">D\u00e9mocratie<\/h4><\/div>\n<\/div><\/div><\/div>\n\n\n\n<div class=\"wp-block-stackable-column stk-block-column stk-column stk-block stk-de52ec1\" data-v=\"4\" data-block-id=\"de52ec1\"><style>.stk-de52ec1 {align-self:stretch !important;}<\/style><div class=\"stk-column-wrapper stk-block-column__content stk-container stk-de52ec1-container stk-hover-parent\"><div class=\"has-text-align-center stk-block-content stk-inner-blocks stk-de52ec1-inner-blocks\">\n<div class=\"wp-block-stackable-heading stk-block-heading stk-block-heading--v2 stk-block stk-e3a8c11\" id=\"ecologie\" data-block-id=\"e3a8c11\"><style>.stk-e3a8c11 .stk-block-heading__text{color:var(--theme-palette-color-2, #02b47a) !important;}<\/style><h4 class=\"stk-block-heading__text has-text-color\">\u00c9cologie<\/h4><\/div>\n\n\n\n<div>\n<div class=\"wp-block-stackable-text stk-block-text stk-block stk-116d9d2\" data-block-id=\"116d9d2\"><p class=\"stk-block-text__text\">Engager la transition \u00e9cologique pour s\u2019adapter et prot\u00e9ger notre environnement, notre cadre de vie, les habitant\u00b7e\u00b7s.<\/p><\/div>\n\n\n\n<p><\/p>\n<\/div>\n\n\n\n<div class=\"wp-block-stackable-button-group stk-block-button-group stk-block stk-4905d7e\" data-block-id=\"4905d7e\"><div class=\"stk-row stk-inner-blocks stk-block-content stk-button-group\">\n<div class=\"wp-block-stackable-icon-button stk-block-icon-button stk-block stk-dc0b865\" data-block-id=\"dc0b865\"><style>.stk-dc0b865 .stk-button{background:var(--theme-palette-color-2, #02b47a) !important;}<\/style><a class=\"stk-link stk-button stk--hover-effect-darken\" href=\"\"><span class=\"stk--svg-wrapper\"><div class=\"stk--inner-svg\"><svg data-prefix=\"fa\" data-icon=\"star\" class=\"svg-inline--fa fa-star fa-w-18\" xmlns=\"http:\/\/www.w3.org\/2000\/svg\" viewBox=\"0 0 576 512\" aria-hidden=\"true\" width=\"32\" height=\"32\"><path fill=\"currentColor\" d=\"M259.3 17.8L194 150.2 47.9 171.5c-26.2 3.8-36.7 36.1-17.7 54.6l105.7 103-25 145.5c-4.5 26.3 23.2 46 46.4 33.7L288 439.6l130.7 68.7c23.2 12.2 50.9-7.4 46.4-33.7l-25-145.5 105.7-103c19-18.5 8.5-50.8-17.7-54.6L382 150.2 316.7 17.8c-11.7-23.6-45.6-23.9-57.4 0z\"><\/path><\/svg><\/div><\/span><\/a><\/div>\n<\/div><\/div>\n<\/div><\/div><\/div>\n<\/div><\/div>\n\n\n\n<p><\/p>\n","protected":false},"excerpt":{"rendered":"<p>MERCI !! MERCI ! La liste AVEC port\u00e9e par vos suffrages. Vous \u00eates 1263, soit 40 % des votants clapi\u00e9rois, \u00e0 avoir soutenu notre programme et pl\u00e9biscit\u00e9 notre m\u00e9thode. Nous [&hellip;]<\/p>\n","protected":false},"author":3,"featured_media":0,"parent":0,"menu_order":0,"comment_status":"closed","ping_status":"closed","template":"","meta":{"footnotes":""},"class_list":["post-46","page","type-page","status-publish","hentry"],"blocksy_meta":{"has_hero_section":"default","content_style_source":"inherit","disable_featured_image":"yes","disable_header":"no","styles_descriptor":{"styles":{"desktop":"","tablet":"","mobile":""},"google_fonts":[],"version":6}},"_links":{"self":[{"href":"https:\/\/avec-clapiers.fr\/index.php\/wp-json\/wp\/v2\/pages\/46","targetHints":{"allow":["GET"]}}],"collection":[{"href":"https:\/\/avec-clapiers.fr\/index.php\/wp-json\/wp\/v2\/pages"}],"about":[{"href":"https:\/\/avec-clapiers.fr\/index.php\/wp-json\/wp\/v2\/types\/page"}],"author":[{"embeddable":true,"href":"https:\/\/avec-clapiers.fr\/index.php\/wp-json\/wp\/v2\/users\/3"}],"replies":[{"embeddable":true,"href":"https:\/\/avec-clapiers.fr\/index.php\/wp-json\/wp\/v2\/comments?post=46"}],"version-history":[{"count":212,"href":"https:\/\/avec-clapiers.fr\/index.php\/wp-json\/wp\/v2\/pages\/46\/revisions"}],"predecessor-version":[{"id":1815,"href":"https:\/\/avec-clapiers.fr\/index.php\/wp-json\/wp\/v2\/pages\/46\/revisions\/1815"}],"wp:attachment":[{"href":"https:\/\/avec-clapiers.fr\/index.php\/wp-json\/wp\/v2\/media?parent=46"}],"curies":[{"name":"wp","href":"https:\/\/api.w.org\/{rel}","templated":true}]}}