{"id":1349,"date":"2026-01-30T08:59:43","date_gmt":"2026-01-30T08:59:43","guid":{"rendered":"https:\/\/avec-clapiers.fr\/?page_id=1349"},"modified":"2026-03-11T10:27:33","modified_gmt":"2026-03-11T09:27:33","slug":"agenda-et-faq","status":"publish","type":"page","link":"https:\/\/avec-clapiers.fr\/index.php\/agenda-et-faq\/","title":{"rendered":"Agenda et FAQ"},"content":{"rendered":"\n<div class=\"wp-block-stackable-heading stk-block-heading stk-block-heading--v2 stk-block stk-b7f9955\" id=\"retrouvons-nous\" data-block-id=\"b7f9955\"><h2 class=\"stk-block-heading__text\">Retrouvons-nous<\/h2><\/div>\n\n\n\n<p>Nous venons \u00e0 votre rencontre&nbsp;! Toujours et encore, c\u2019est dans notre ADN&nbsp;\ud83d\ude42<br>Apr\u00e8s une s\u00e9rie de 3 ateliers pour \u00e9couter vos attentes, nous souhaitons poursuivre les \u00e9changes.<\/p>\n\n\n\n<p class=\"has-medium-font-size\"><strong>GRANDS RENDEZ-VOUS A VENIR :<\/strong><\/p>\n\n\n\n<ul class=\"wp-block-list\">\n<li>Jeudi 5 mars : d\u00e9bat CAP Clapiers \/ AVEC. Nous avons invit\u00e9 le maire sortant, Eric PENSO, et sa liste \u00a0\u00bb CAP CLAPIERS \u00a0\u00bb \u00e0 un d\u00e9bat d&rsquo;id\u00e9es pour confronter les programmes (sans retour pour le moment). Lieu : \u00e9olienne, kiosque Vermande d\u00e8s 17h30.<\/li>\n\n\n\n<li>Mercredi 11 mars : meeting de fin de campagne \u00e0 la salle Jean-Louis Barrault d\u00e8s 19h00.<\/li>\n\n\n\n<li>Jeudi 12 mars : Live Youtube &#8211; Venez nous poser vos questions et d\u00e9couvrir les coulisses de la campagne<\/li>\n<\/ul>\n\n\n\n<p class=\"has-medium-font-size\"><strong>RENCONTRES R\u00c9CURRENTES&nbsp;:<\/strong><\/p>\n\n\n\n<div class=\"wp-block-stackable-columns stk-block-columns stk-block stk-0ec8366\" data-block-id=\"0ec8366\"><div class=\"stk-row stk-inner-blocks stk-block-content stk-content-align stk-0ec8366-column\">\n<div class=\"wp-block-stackable-column stk-block-column stk-column stk-block stk-baa1dda\" data-v=\"4\" data-block-id=\"baa1dda\"><div class=\"stk-column-wrapper stk-block-column__content stk-container stk-baa1dda-container stk--no-background stk--no-padding\"><div class=\"stk-block-content stk-inner-blocks stk-baa1dda-inner-blocks\">\n<div class=\"wp-block-stackable-hero stk-block-hero stk-block stk-f6d7b72 is-style-default\" data-v=\"2\" data-block-id=\"f6d7b72\"><style>.stk-f6d7b72-inner-blocks{justify-content:center !important;}.stk-f6d7b72 .stk-block-hero__content{min-height:312px !important;align-items:center !important;max-width:882px !important;min-width:auto !important;display:flex !important;}<\/style><div class=\"stk-block-hero__content stk-content-align stk-f6d7b72-column stk-container stk-f6d7b72-container stk-hover-parent\"><div class=\"stk-block-content stk-inner-blocks has-text-align-center stk--column-flex stk-f6d7b72-inner-blocks\">\n<div class=\"wp-block-stackable-heading stk-block-heading stk-block-heading--v2 stk-block stk-4d7bfd6\" id=\"permanences-br-au-pied-de-leolienne\" data-block-id=\"4d7bfd6\"><h4 class=\"stk-block-heading__text\">PERMANENCES<br>au pied de l&rsquo;\u00e9olienne<\/h4><\/div>\n\n\n\n<div class=\"wp-block-stackable-text stk-block-text stk-block stk-bdd4e3c\" data-block-id=\"bdd4e3c\"><p class=\"stk-block-text__text has-text-align-left\">Pour vous assurer de pouvoir nous rencontrer<\/p><\/div>\n\n\n\n<p class=\"has-text-align-left\">&#8211; Tous les lundis 16h30<br>&#8211; Tous les mercredis 11h<\/p>\n<\/div><\/div><\/div>\n<\/div><\/div><\/div>\n\n\n\n<div class=\"wp-block-stackable-column stk-block-column stk-column stk-block stk-bcfdd85\" data-v=\"4\" data-block-id=\"bcfdd85\"><div class=\"stk-column-wrapper stk-block-column__content stk-container stk-bcfdd85-container stk--no-background stk--no-padding\"><div class=\"stk-block-content stk-inner-blocks stk-bcfdd85-inner-blocks\">\n<div class=\"wp-block-stackable-hero stk-block-hero stk-block stk-a8f2bf2 is-style-default\" data-v=\"2\" data-block-id=\"a8f2bf2\"><style>.stk-a8f2bf2-inner-blocks{justify-content:center !important;}.stk-a8f2bf2 .stk-block-hero__content{min-height:312px !important;align-items:center !important;max-width:882px !important;min-width:auto !important;display:flex !important;}<\/style><div class=\"stk-block-hero__content stk-content-align stk-a8f2bf2-column stk-container stk-a8f2bf2-container stk-hover-parent\"><div class=\"stk-block-content stk-inner-blocks has-text-align-center stk--column-flex stk-a8f2bf2-inner-blocks\">\n<div class=\"wp-block-stackable-heading stk-block-heading stk-block-heading--v2 stk-block stk-4b80461\" id=\"deambulations-br-du-jeudi\" data-block-id=\"4b80461\"><h4 class=\"stk-block-heading__text\">D\u00c9AMBULATIONS<br>DU JEUDI<\/h4><\/div>\n\n\n\n<p class=\"has-text-align-left\">Tous les jeudis nous faisons une marche d\u00e9part de la mairie \u00e0 votre rencontre.<\/p>\n\n\n\n<p class=\"has-text-align-left\">Tous les jeudis d\u00e9part de la mairie \u00e0 17h30.<\/p>\n<\/div><\/div><\/div>\n<\/div><\/div><\/div>\n\n\n\n<div class=\"wp-block-stackable-column stk-block-column stk-column stk-block stk-5c39f59\" data-v=\"4\" data-block-id=\"5c39f59\"><div class=\"stk-column-wrapper stk-block-column__content stk-container stk-5c39f59-container stk--no-background stk--no-padding\"><div class=\"stk-block-content stk-inner-blocks stk-5c39f59-inner-blocks\">\n<div class=\"wp-block-stackable-hero stk-block-hero stk-block stk-d923921 is-style-default\" data-v=\"2\" data-block-id=\"d923921\"><style>.stk-d923921-inner-blocks{justify-content:center !important;}.stk-d923921 .stk-block-hero__content{min-height:312px !important;align-items:center !important;max-width:882px !important;min-width:auto !important;display:flex !important;}<\/style><div class=\"stk-block-hero__content stk-content-align stk-d923921-column stk-container stk-d923921-container stk-hover-parent\"><div class=\"stk-block-content stk-inner-blocks has-text-align-center stk--column-flex stk-d923921-inner-blocks\">\n<div class=\"wp-block-stackable-heading stk-block-heading stk-block-heading--v2 stk-block stk-0d44e0f\" id=\"reunions-quartier\" data-block-id=\"0d44e0f\"><h4 class=\"stk-block-heading__text\">R\u00c9UNIONS QUARTIER<\/h4><\/div>\n\n\n\n<p class=\"has-text-align-left\">Pr\u00e9sents au plus pr\u00e8s de chez vous pour \u00e9changer sur votre quartier et le village.<\/p>\n\n\n\n<p class=\"has-text-align-left\">Tous les samedis entre 14h-16h selon la r\u00e9partition suivante :<\/p>\n\n\n\n<p><strong>7 mars : Val aux vignes + La Plaine + Le Castelet (parc)<\/strong><\/p>\n<\/div><\/div><\/div>\n<\/div><\/div><\/div>\n<\/div><\/div>\n\n\n\n<p><strong><span style=\"color: var(--theme-palette-color-1, #730069);\" class=\"stk-highlight\">Rencontres pass\u00e9es : <\/span><\/strong><\/p>\n\n\n\n<ul class=\"wp-block-list\">\n<li>Samedi 28 f\u00e9vrier &#8211; R\u00e9union de quartier : <strong>Pigeonnier + Cabries + Fesquet<\/strong><\/li>\n\n\n\n<li>Jeudi 26 f\u00e9vrier : <strong>pr\u00e9sentation de notre programme<\/strong><\/li>\n\n\n\n<li>Samedi 21 f\u00e9vrier &#8211; R\u00e9union de quartier : <strong>Mouli\u00e8res + Clos des Pins + La Fiole<\/strong><\/li>\n\n\n\n<li>Samedi 21 f\u00e9vrier 18h&nbsp;: <strong>Clapiers en transition <\/strong>organise une rencontre entre les deux listes<\/li>\n\n\n\n<li>Mercredi 18 f\u00e9vrier \u00e0 18h&nbsp;: <strong>Rencontre des Commer\u00e7ants\/artisans\/entreprises<\/strong>. Salle Bonnefoi<\/li>\n\n\n\n<li>Samedi 14 f\u00e9vrier &#8211; R\u00e9union de quartier : <strong>Centre + Lauriol<\/strong><\/li>\n\n\n\n<li>Mercredi 11 f\u00e9vrier \u00e0 18h&nbsp;: <strong>Rencontre des associations&nbsp;clapi\u00e9roises. <\/strong>Salle Bonnefoi<\/li>\n<\/ul>\n\n\n\n<div class=\"wp-block-stackable-heading stk-block-heading stk-block-heading--v2 stk-block stk-e979c3e\" id=\"strong-nos-reponses-a-vos-questions-frequentes-strong\" data-block-id=\"e979c3e\"><h2 class=\"stk-block-heading__text\"><strong>Nos r\u00e9ponses \u00e0 vos questions fr\u00e9quentes<\/strong><\/h2><\/div>\n\n\n\n<p><strong>Une \u00e9tiquette politique ?<\/strong><\/p>\n\n\n\n<p>Notre collectif est&nbsp;<strong>ind\u00e9pendant des partis politiques<\/strong>, tant dans ses&nbsp;positions&nbsp;que dans son&nbsp;financement.<br>Certaines et certains d\u2019entre nous ont des engagements politiques ou associatifs, d\u2019autres non. Nous sommes riches de cette diversit\u00e9.<\/p>\n\n\n\n<p><strong>Comment financez-vous votre campagne&nbsp;?<\/strong><\/p>\n\n\n\n<p>Du fait de l\u2019absence d\u2019\u00e9tiquette, nous ne sommes soutenus et financ\u00e9s par aucun parti politique. Nous finan\u00e7ons donc la campagne avec nos deniers personnels et ceux de nos soutiens. Nous appr\u00e9cions tous les dons, m\u00eame quelques euros.<\/p>\n\n\n\n<p><strong>Les dons sont-ils d\u00e9ductibles des imp\u00f4ts&nbsp;?<\/strong><\/p>\n\n\n\n<p>Non, ils ne le sont pas. Vous aurez cependant un re\u00e7u officiel de votre don.<\/p>\n\n\n\n<p>Si vous avez d\u2019autres questions, n\u2019h\u00e9sitez pas \u00e0 nous \u00e9crire&nbsp;!<\/p>\n","protected":false},"excerpt":{"rendered":"<p>Retrouvons-nous Nous venons \u00e0 votre rencontre&nbsp;! Toujours et encore, c\u2019est dans notre ADN&nbsp;\ud83d\ude42Apr\u00e8s une s\u00e9rie de 3 ateliers pour \u00e9couter vos attentes, nous souhaitons poursuivre les \u00e9changes. GRANDS RENDEZ-VOUS A [&hellip;]<\/p>\n","protected":false},"author":6,"featured_media":0,"parent":0,"menu_order":0,"comment_status":"closed","ping_status":"closed","template":"","meta":{"footnotes":""},"class_list":["post-1349","page","type-page","status-publish","hentry"],"blocksy_meta":[],"_links":{"self":[{"href":"https:\/\/avec-clapiers.fr\/index.php\/wp-json\/wp\/v2\/pages\/1349","targetHints":{"allow":["GET"]}}],"collection":[{"href":"https:\/\/avec-clapiers.fr\/index.php\/wp-json\/wp\/v2\/pages"}],"about":[{"href":"https:\/\/avec-clapiers.fr\/index.php\/wp-json\/wp\/v2\/types\/page"}],"author":[{"embeddable":true,"href":"https:\/\/avec-clapiers.fr\/index.php\/wp-json\/wp\/v2\/users\/6"}],"replies":[{"embeddable":true,"href":"https:\/\/avec-clapiers.fr\/index.php\/wp-json\/wp\/v2\/comments?post=1349"}],"version-history":[{"count":17,"href":"https:\/\/avec-clapiers.fr\/index.php\/wp-json\/wp\/v2\/pages\/1349\/revisions"}],"predecessor-version":[{"id":1718,"href":"https:\/\/avec-clapiers.fr\/index.php\/wp-json\/wp\/v2\/pages\/1349\/revisions\/1718"}],"wp:attachment":[{"href":"https:\/\/avec-clapiers.fr\/index.php\/wp-json\/wp\/v2\/media?parent=1349"}],"curies":[{"name":"wp","href":"https:\/\/api.w.org\/{rel}","templated":true}]}}